{"id":131,"date":"2022-10-25T16:42:47","date_gmt":"2022-10-25T13:42:47","guid":{"rendered":"https:\/\/beesteks.com\/?page_id=131"},"modified":"2022-11-06T13:21:14","modified_gmt":"2022-11-06T10:21:14","slug":"galeri","status":"publish","type":"page","link":"https:\/\/beesteks.com\/?page_id=131","title":{"rendered":"Galeri"},"content":{"rendered":"<h3>\n\t\t\t\t<a href=\"https:\/\/beesteks.com\/?page_id=88\" style=\"background-image:url('https:\/\/beesteks.com\/wp-content\/uploads\/2022\/10\/WhatsApp-Image-2022-10-20-at-16.49.39-18.jpeg');\"><strong>KES\u0130MHANE<\/strong><\/a>\t\t\t<\/h3>\n<p>\t\t<!-- \/\/.wpzoom-elementor-addons-image-box --><\/p>\n<h3>\n\t\t\t\t<a href=\"https:\/\/beesteks.com\/?page_id=89\" style=\"background-image:url('https:\/\/beesteks.com\/wp-content\/uploads\/2022\/10\/WhatsApp-Image-2022-10-20-at-16.49.39-9.jpeg');\"><strong>D\u0130K\u0130MHANE<\/strong><\/a>\t\t\t<\/h3>\n<p>\t\t<!-- \/\/.wpzoom-elementor-addons-image-box --><\/p>\n<h3>\n\t\t\t\t<a href=\"https:\/\/beesteks.com\/?page_id=90\" style=\"background-image:url('https:\/\/beesteks.com\/wp-content\/uploads\/2022\/10\/WhatsApp-Image-2022-10-20-at-16.49.39-22.jpeg');\"><strong>YIKAMA ALANI<\/strong><\/a>\t\t\t<\/h3>\n<p>\t\t<!-- \/\/.wpzoom-elementor-addons-image-box --><\/p>\n<h3>\n\t\t\t\t<a href=\"https:\/\/beesteks.com\/?page_id=91\" style=\"background-image:url('https:\/\/beesteks.com\/wp-content\/uploads\/2022\/10\/WhatsApp-Image-2022-10-20-at-16.49.39-19.jpeg');\"><strong>\u00dcT\u00dcLEME-PAKETLEME<\/strong><\/a>\t\t\t<\/h3>\n<p>\t\t<!-- \/\/.wpzoom-elementor-addons-image-box --><\/p>\n<style>\/*! elementor - v3.7.8 - 02-10-2022 *\/\n.elementor-widget-divider{--divider-border-style:none;--divider-border-width:1px;--divider-color:#2c2c2c;--divider-icon-size:20px;--divider-element-spacing:10px;--divider-pattern-height:24px;--divider-pattern-size:20px;--divider-pattern-url:none;--divider-pattern-repeat:repeat-x}.elementor-widget-divider .elementor-divider{display:-webkit-box;display:-ms-flexbox;display:flex}.elementor-widget-divider .elementor-divider__text{font-size:15px;line-height:1;max-width:95%}.elementor-widget-divider .elementor-divider__element{margin:0 var(--divider-element-spacing);-ms-flex-negative:0;flex-shrink:0}.elementor-widget-divider .elementor-icon{font-size:var(--divider-icon-size)}.elementor-widget-divider .elementor-divider-separator{display:-webkit-box;display:-ms-flexbox;display:flex;margin:0;direction:ltr}.elementor-widget-divider--view-line_icon .elementor-divider-separator,.elementor-widget-divider--view-line_text .elementor-divider-separator{-webkit-box-align:center;-ms-flex-align:center;align-items:center}.elementor-widget-divider--view-line_icon .elementor-divider-separator:after,.elementor-widget-divider--view-line_icon .elementor-divider-separator:before,.elementor-widget-divider--view-line_text .elementor-divider-separator:after,.elementor-widget-divider--view-line_text .elementor-divider-separator:before{display:block;content:\"\";border-bottom:0;-webkit-box-flex:1;-ms-flex-positive:1;flex-grow:1;border-top:var(--divider-border-width) var(--divider-border-style) var(--divider-color)}.elementor-widget-divider--element-align-left .elementor-divider .elementor-divider-separator>.elementor-divider__svg:first-of-type{-webkit-box-flex:0;-ms-flex-positive:0;flex-grow:0;-ms-flex-negative:100;flex-shrink:100}.elementor-widget-divider--element-align-left .elementor-divider-separator:before{content:none}.elementor-widget-divider--element-align-left .elementor-divider__element{margin-left:0}.elementor-widget-divider--element-align-right .elementor-divider .elementor-divider-separator>.elementor-divider__svg:last-of-type{-webkit-box-flex:0;-ms-flex-positive:0;flex-grow:0;-ms-flex-negative:100;flex-shrink:100}.elementor-widget-divider--element-align-right .elementor-divider-separator:after{content:none}.elementor-widget-divider--element-align-right .elementor-divider__element{margin-right:0}.elementor-widget-divider:not(.elementor-widget-divider--view-line_text):not(.elementor-widget-divider--view-line_icon) .elementor-divider-separator{border-top:var(--divider-border-width) var(--divider-border-style) var(--divider-color)}.elementor-widget-divider--separator-type-pattern{--divider-border-style:none}.elementor-widget-divider--separator-type-pattern.elementor-widget-divider--view-line .elementor-divider-separator,.elementor-widget-divider--separator-type-pattern:not(.elementor-widget-divider--view-line) .elementor-divider-separator:after,.elementor-widget-divider--separator-type-pattern:not(.elementor-widget-divider--view-line) .elementor-divider-separator:before,.elementor-widget-divider--separator-type-pattern:not([class*=elementor-widget-divider--view]) .elementor-divider-separator{width:100%;min-height:var(--divider-pattern-height);-webkit-mask-size:var(--divider-pattern-size) 100%;mask-size:var(--divider-pattern-size) 100%;-webkit-mask-repeat:var(--divider-pattern-repeat);mask-repeat:var(--divider-pattern-repeat);background-color:var(--divider-color);-webkit-mask-image:var(--divider-pattern-url);mask-image:var(--divider-pattern-url)}.elementor-widget-divider--no-spacing{--divider-pattern-size:auto}.elementor-widget-divider--bg-round{--divider-pattern-repeat:round}.rtl .elementor-widget-divider .elementor-divider__text{direction:rtl}.e-container>.elementor-widget-divider{width:var(--container-widget-width,100%);--flex-grow:var(--container-widget-flex-grow,0)}<\/style>\n<style>\/*! elementor - v3.7.8 - 02-10-2022 *\/\n.elementor-heading-title{padding:0;margin:0;line-height:1}.elementor-widget-heading .elementor-heading-title[class*=elementor-size-]>a{color:inherit;font-size:inherit;line-height:inherit}.elementor-widget-heading .elementor-heading-title.elementor-size-small{font-size:15px}.elementor-widget-heading .elementor-heading-title.elementor-size-medium{font-size:19px}.elementor-widget-heading .elementor-heading-title.elementor-size-large{font-size:29px}.elementor-widget-heading .elementor-heading-title.elementor-size-xl{font-size:39px}.elementor-widget-heading .elementor-heading-title.elementor-size-xxl{font-size:59px}<\/style>\n<h2><i>\u00dcR\u00dcNLER<\/i><\/h2>\n<style>\/*! elementor - v3.7.8 - 02-10-2022 *\/\n.elementor-widget-image-carousel .swiper-container{position:static}.elementor-widget-image-carousel .swiper-container .swiper-slide figure{line-height:inherit}.elementor-widget-image-carousel .swiper-slide{text-align:center}.elementor-image-carousel-wrapper:not(.swiper-container-initialized) .swiper-slide{max-width:calc(100% \/ var(--e-image-carousel-slides-to-show, 3))}<\/style>\n<figure><img decoding=\"async\" src=\"https:\/\/beesteks.com\/wp-content\/uploads\/2022\/10\/WhatsApp-Image-2022-10-20-at-16.49.39-30.jpeg\" alt=\"WhatsApp Image 2022-10-20 at 16.49.39 (30)\" \/><\/figure>\n<figure><img decoding=\"async\" src=\"https:\/\/beesteks.com\/wp-content\/uploads\/2022\/10\/WhatsApp-Image-2022-10-20-at-16.49.39-5.jpeg\" alt=\"WhatsApp Image 2022-10-20 at 16.49.39 (5)\" \/><\/figure>\n<figure><img decoding=\"async\" src=\"https:\/\/beesteks.com\/wp-content\/uploads\/2022\/10\/WhatsApp-Image-2022-10-20-at-16.49.39-6.jpeg\" alt=\"WhatsApp Image 2022-10-20 at 16.49.39 (6)\" \/><\/figure>\n<figure><img decoding=\"async\" src=\"https:\/\/beesteks.com\/wp-content\/uploads\/2022\/10\/WhatsApp-Image-2022-10-20-at-16.49.39-7.jpeg\" alt=\"WhatsApp Image 2022-10-20 at 16.49.39 (7)\" \/><\/figure>\n<figure><img decoding=\"async\" src=\"https:\/\/beesteks.com\/wp-content\/uploads\/2022\/10\/WhatsApp-Image-2022-10-20-at-16.49.39-8.jpeg\" alt=\"WhatsApp Image 2022-10-20 at 16.49.39 (8)\" \/><\/figure>\n<figure><img decoding=\"async\" src=\"https:\/\/beesteks.com\/wp-content\/uploads\/2022\/10\/WhatsApp-Image-2022-10-20-at-16.49.39-10.jpeg\" alt=\"WhatsApp Image 2022-10-20 at 16.49.39 (10)\" \/><\/figure>\n<figure><img decoding=\"async\" src=\"https:\/\/beesteks.com\/wp-content\/uploads\/2022\/10\/WhatsApp-Image-2022-10-20-at-16.49.39-12.jpeg\" alt=\"WhatsApp Image 2022-10-20 at 16.49.39 (12)\" \/><\/figure>\n<figure><img decoding=\"async\" src=\"https:\/\/beesteks.com\/wp-content\/uploads\/2022\/10\/WhatsApp-Image-2022-10-20-at-16.49.39-13.jpeg\" alt=\"WhatsApp Image 2022-10-20 at 16.49.39 (13)\" \/><\/figure>\n<figure><img decoding=\"async\" src=\"https:\/\/beesteks.com\/wp-content\/uploads\/2022\/10\/WhatsApp-Image-2022-10-20-at-16.49.39-14.jpeg\" alt=\"WhatsApp Image 2022-10-20 at 16.49.39 (14)\" \/><\/figure>\n<figure><img decoding=\"async\" src=\"https:\/\/beesteks.com\/wp-content\/uploads\/2022\/10\/WhatsApp-Image-2022-10-20-at-16.49.39-17.jpeg\" alt=\"WhatsApp Image 2022-10-20 at 16.49.39 (17)\" \/><\/figure>\n<figure><img decoding=\"async\" src=\"https:\/\/beesteks.com\/wp-content\/uploads\/2022\/10\/WhatsApp-Image-2022-10-20-at-16.49.39-20.jpeg\" alt=\"WhatsApp Image 2022-10-20 at 16.49.39 (20)\" \/><\/figure>\n<p>\t\t\t\t\t\t\t\t\t\t\t\t\u00d6nceki<br \/>\n\t\t\t\t\t\t\t\t\t\t\t\tSonraki<\/p>\n<style>\/*! elementor - v3.7.8 - 02-10-2022 *\/\n.elementor-column .elementor-spacer-inner{height:var(--spacer-size)}.e-container{--container-widget-width:100%}.e-container>.elementor-widget-spacer{width:var(--container-widget-width,var(--spacer-size));-ms-flex-item-align:stretch;align-self:stretch;-ms-flex-negative:0;flex-shrink:0}.e-container>.elementor-widget-spacer>.elementor-widget-container,.e-container>.elementor-widget-spacer>.elementor-widget-container>.elementor-spacer{height:100%}.e-container>.elementor-widget-spacer>.elementor-widget-container>.elementor-spacer>.elementor-spacer-inner{height:var(--container-widget-height,var(--spacer-size))}<\/style>\n","protected":false},"excerpt":{"rendered":"<p>KES\u0130MHANE D\u0130K\u0130MHANE YIKAMA ALANI \u00dcT\u00dcLEME-PAKETLEME \u00dcR\u00dcNLER \u00d6nceki Sonraki<\/p>\n","protected":false},"author":1,"featured_media":38,"parent":0,"menu_order":0,"comment_status":"closed","ping_status":"closed","template":"","meta":{"om_disable_all_campaigns":false,"_mi_skip_tracking":false,"_monsterinsights_sitenote_active":false,"_monsterinsights_sitenote_note":"","_monsterinsights_sitenote_category":0,"inspiro_hide_title":false,"footnotes":""},"class_list":["post-131","page","type-page","status-publish","has-post-thumbnail","hentry"],"featured_media_urls":{"thumbnail":["https:\/\/beesteks.com\/wp-content\/uploads\/2022\/10\/pexels-pixabay-236748.jpg",150,90,false],"medium":["https:\/\/beesteks.com\/wp-content\/uploads\/2022\/10\/pexels-pixabay-236748.jpg",300,180,false],"medium_large":["https:\/\/beesteks.com\/wp-content\/uploads\/2022\/10\/pexels-pixabay-236748.jpg",768,462,false],"large":["https:\/\/beesteks.com\/wp-content\/uploads\/2022\/10\/pexels-pixabay-236748.jpg",950,571,false],"1536x1536":["https:\/\/beesteks.com\/wp-content\/uploads\/2022\/10\/pexels-pixabay-236748-1536x923.jpg",1536,923,true],"2048x2048":["https:\/\/beesteks.com\/wp-content\/uploads\/2022\/10\/pexels-pixabay-236748.jpg",2000,1202,false],"inspiro-featured-image":["https:\/\/beesteks.com\/wp-content\/uploads\/2022\/10\/pexels-pixabay-236748.jpg",2000,1202,false],"inspiro-loop":["https:\/\/beesteks.com\/wp-content\/uploads\/2022\/10\/pexels-pixabay-236748-950x320.jpg",950,320,true],"inspiro-loop@2x":["https:\/\/beesteks.com\/wp-content\/uploads\/2022\/10\/pexels-pixabay-236748-1900x640.jpg",1900,640,true],"portfolio_item-thumbnail":["https:\/\/beesteks.com\/wp-content\/uploads\/2022\/10\/pexels-pixabay-236748-600x400.jpg",600,400,true],"portfolio_item-thumbnail@2x":["https:\/\/beesteks.com\/wp-content\/uploads\/2022\/10\/pexels-pixabay-236748-1200x800.jpg",1200,800,true],"portfolio_item-masonry":["https:\/\/beesteks.com\/wp-content\/uploads\/2022\/10\/pexels-pixabay-236748-600x361.jpg",600,361,true],"portfolio_item-masonry@2x":["https:\/\/beesteks.com\/wp-content\/uploads\/2022\/10\/pexels-pixabay-236748-1200x721.jpg",1200,721,true],"portfolio_item-thumbnail_cinema":["https:\/\/beesteks.com\/wp-content\/uploads\/2022\/10\/pexels-pixabay-236748-800x335.jpg",800,335,true],"portfolio_item-thumbnail_portrait":["https:\/\/beesteks.com\/wp-content\/uploads\/2022\/10\/pexels-pixabay-236748-600x900.jpg",600,900,true],"portfolio_item-thumbnail_portrait@2x":["https:\/\/beesteks.com\/wp-content\/uploads\/2022\/10\/pexels-pixabay-236748-1200x1202.jpg",1200,1202,true],"portfolio_item-thumbnail_square":["https:\/\/beesteks.com\/wp-content\/uploads\/2022\/10\/pexels-pixabay-236748-800x800.jpg",800,800,true]},"_links":{"self":[{"href":"https:\/\/beesteks.com\/index.php?rest_route=\/wp\/v2\/pages\/131","targetHints":{"allow":["GET"]}}],"collection":[{"href":"https:\/\/beesteks.com\/index.php?rest_route=\/wp\/v2\/pages"}],"about":[{"href":"https:\/\/beesteks.com\/index.php?rest_route=\/wp\/v2\/types\/page"}],"author":[{"embeddable":true,"href":"https:\/\/beesteks.com\/index.php?rest_route=\/wp\/v2\/users\/1"}],"replies":[{"embeddable":true,"href":"https:\/\/beesteks.com\/index.php?rest_route=%2Fwp%2Fv2%2Fcomments&post=131"}],"version-history":[{"count":75,"href":"https:\/\/beesteks.com\/index.php?rest_route=\/wp\/v2\/pages\/131\/revisions"}],"predecessor-version":[{"id":526,"href":"https:\/\/beesteks.com\/index.php?rest_route=\/wp\/v2\/pages\/131\/revisions\/526"}],"wp:featuredmedia":[{"embeddable":true,"href":"https:\/\/beesteks.com\/index.php?rest_route=\/wp\/v2\/media\/38"}],"wp:attachment":[{"href":"https:\/\/beesteks.com\/index.php?rest_route=%2Fwp%2Fv2%2Fmedia&parent=131"}],"curies":[{"name":"wp","href":"https:\/\/api.w.org\/{rel}","templated":true}]}}