{"id":7,"date":"2022-10-21T17:58:55","date_gmt":"2022-10-21T14:58:55","guid":{"rendered":"https:\/\/beesteks.com\/?page_id=7"},"modified":"2022-11-06T13:24:23","modified_gmt":"2022-11-06T10:24:23","slug":"olaganustu-tasarimlar-icin-guzel-portfoyler","status":"publish","type":"page","link":"https:\/\/beesteks.com\/","title":{"rendered":""},"content":{"rendered":"\n<div class=\"wp-block-cover alignfull is-light has-parallax has-custom-content-position is-position-top-center is-position-center-center\" style=\"min-height:1136px;aspect-ratio:unset;\"><span aria-hidden=\"true\" class=\"wp-block-cover__background has-black-background-color has-background-dim-40 has-background-dim\"><\/span><div role=\"img\" class=\"wp-block-cover__image-background wp-image-369 has-parallax\" style=\"background-position:50% 50%;background-image:url(https:\/\/beesteks.com\/wp-content\/uploads\/2022\/10\/pexels-ksenia-chernaya-3965543-1.jpg)\"><\/div><div class=\"wp-block-cover__inner-container is-layout-flow wp-block-cover-is-layout-flow\">\n<p class=\"has-text-align-center has-text-color\" style=\"color:#fffffa;font-size:clamp(30.693px, 1.918rem + ((1vw - 3.2px) * 2.063), 54px);line-height:1.1\">Tekstilden Tasar\u0131ma<strong> <\/strong><\/p>\n\n\n\n<p class=\"has-text-align-center has-text-color\" style=\"color:#fffffa;font-size:clamp(30.693px, 1.918rem + ((1vw - 3.2px) * 2.063), 54px);line-height:1.1\">Tasar\u0131mdan Modaya<\/p>\n\n\n\n<p class=\"has-text-align-center has-text-color\" style=\"color:#fffffa;font-size:clamp(30.693px, 1.918rem + ((1vw - 3.2px) * 2.063), 54px);line-height:1.1\">Modan\u0131n Ger\u00e7e\u011fine<\/p>\n\n\n\n<div class=\"wp-block-buttons is-horizontal is-content-justification-center is-layout-flex wp-container-core-buttons-is-layout-03627597 wp-block-buttons-is-layout-flex\">\n<div class=\"wp-block-button is-style-outline is-style-outline--1\"><a class=\"wp-block-button__link has-white-color has-text-color wp-element-button\" href=\"https:\/\/beesteks.com\/?page_id=9\" style=\"border-radius:100px\" rel=\"https:\/\/beesteks.com\/bize-ulasin\/\">ileti\u015fim<\/a><\/div>\n<\/div>\n<\/div><\/div>\n\n\n\n<div style=\"height:55px\" aria-hidden=\"true\" class=\"wp-block-spacer\"><\/div>\n\n\n\n<div class=\"wp-block-group alignfull has-background is-layout-flow wp-block-group-is-layout-flow\" style=\"background-color:#e5e9ec\">\n<div class=\"wp-block-columns is-layout-flex wp-container-core-columns-is-layout-28f84493 wp-block-columns-is-layout-flex\">\n<div class=\"wp-block-column is-vertically-aligned-center is-layout-flow wp-block-column-is-layout-flow\">\n<h2 class=\"wp-block-heading\">Hakk\u0131m\u0131zda<\/h2>\n\n\n\n<p class=\"has-medium-font-size\">BeesTeks haz\u0131r giyim ve konfeksiyon \u015firketi, 2017 y\u0131l\u0131nda sekt\u00f6r\u00fcnde deneyimli bir ekiple Kadir Sar\u0131kaya \u00f6nc\u00fcl\u00fc\u011f\u00fcnde \u0130zmir&#8217;de kuruldu.<\/p>\n\n\n\n<div class=\"wp-block-buttons is-horizontal is-content-justification-left is-layout-flex wp-container-core-buttons-is-layout-20be11b6 wp-block-buttons-is-layout-flex\">\n<div class=\"wp-block-button is-style-outline is-style-outline--2\"><a class=\"wp-block-button__link wp-element-button\" href=\"https:\/\/beesteks.com\/?page_id=8\">Hakk\u0131m\u0131zda<\/a><\/div>\n<\/div>\n\n\n\n<p><\/p>\n<\/div>\n\n\n\n<div class=\"wp-block-column is-layout-flow wp-block-column-is-layout-flow\">\n<div style=\"height:48px\" aria-hidden=\"true\" class=\"wp-block-spacer\"><\/div>\n\n\n\n<figure class=\"wp-block-gallery has-nested-images columns-default is-cropped wp-block-gallery-3 is-layout-flex wp-block-gallery-is-layout-flex\">\n<figure class=\"wp-block-image size-large\"><img loading=\"lazy\" decoding=\"async\" width=\"2000\" height=\"1202\" data-id=\"38\" src=\"https:\/\/beesteks.com\/wp-content\/uploads\/2022\/10\/pexels-pixabay-236748.jpg\" alt=\"\" class=\"wp-image-38\" srcset=\"https:\/\/beesteks.com\/wp-content\/uploads\/2022\/10\/pexels-pixabay-236748.jpg 2000w, https:\/\/beesteks.com\/wp-content\/uploads\/2022\/10\/pexels-pixabay-236748-1536x923.jpg 1536w, https:\/\/beesteks.com\/wp-content\/uploads\/2022\/10\/pexels-pixabay-236748-600x361.jpg 600w, https:\/\/beesteks.com\/wp-content\/uploads\/2022\/10\/pexels-pixabay-236748-1200x721.jpg 1200w\" sizes=\"auto, (max-width: 2000px) 100vw, 2000px\" \/><\/figure>\n<\/figure>\n<\/div>\n<\/div>\n<\/div>\n\n\n\n<div class=\"wp-block-group alignfull is-layout-flow wp-block-group-is-layout-flow\">\n<div class=\"wp-block-columns are-vertically-aligned-center is-layout-flex wp-container-core-columns-is-layout-28f84493 wp-block-columns-is-layout-flex\">\n<div class=\"wp-block-column is-vertically-aligned-center is-layout-flow wp-block-column-is-layout-flow\">\n<div style=\"height:48px\" aria-hidden=\"true\" class=\"wp-block-spacer\"><\/div>\n\n\n\n<div class=\"wp-block-group is-layout-flow wp-block-group-is-layout-flow\">\n<figure class=\"wp-block-gallery has-nested-images columns-default is-cropped wp-block-gallery-4 is-layout-flex wp-block-gallery-is-layout-flex\">\n<figure class=\"wp-block-image size-large\"><img loading=\"lazy\" decoding=\"async\" width=\"640\" height=\"480\" data-id=\"232\" src=\"https:\/\/beesteks.com\/wp-content\/uploads\/2022\/10\/WhatsApp-Image-2022-10-20-at-16.49.39-21.jpeg\" alt=\"\" class=\"wp-image-232\"\/><\/figure>\n<\/figure>\n<\/div>\n<\/div>\n\n\n\n<div class=\"wp-block-column is-vertically-aligned-center is-layout-flow wp-block-column-is-layout-flow\">\n<h2 class=\"wp-block-heading\">Hizmetlerimiz<\/h2>\n\n\n\n<p class=\"has-medium-font-size\">15.000 m<sup>2<\/sup> \u00fcretim alan\u0131nda 450 \u00e7al\u0131\u015fan\u0131m\u0131zla y\u0131ll\u0131k 250.000 adet \u00fcr\u00fcn \u00fcretimi yap\u0131lmaktad\u0131r.<\/p>\n<\/div>\n<\/div>\n<\/div>\n\n\n\n<div class=\"wp-block-group alignfull has-white-background-color has-background is-content-justification-center is-nowrap is-layout-flex wp-container-core-group-is-layout-23441af8 wp-block-group-is-layout-flex\">\n<h2 class=\"has-text-align-center has-white-color has-text-color wp-block-heading\"><strong>Gallery<\/strong><\/h2>\n\n\n\n<figure class=\"wp-block-gallery aligncenter has-nested-images columns-default is-cropped wp-block-gallery-5 is-layout-flex wp-block-gallery-is-layout-flex\">\n<figure class=\"wp-block-image size-full is-style-default\"><img loading=\"lazy\" decoding=\"async\" width=\"1200\" height=\"1600\" data-id=\"230\" src=\"https:\/\/beesteks.com\/wp-content\/uploads\/2022\/10\/WhatsApp-Image-2022-10-20-at-16.49.39-17.jpeg\" alt=\"\" class=\"wp-image-230\"\/><\/figure>\n\n\n\n<figure class=\"wp-block-image size-full\"><img loading=\"lazy\" decoding=\"async\" width=\"1200\" height=\"1600\" data-id=\"227\" src=\"https:\/\/beesteks.com\/wp-content\/uploads\/2022\/10\/WhatsApp-Image-2022-10-20-at-16.49.39-13.jpeg\" alt=\"\" class=\"wp-image-227\"\/><\/figure>\n\n\n\n<figure class=\"wp-block-image size-full\"><img loading=\"lazy\" decoding=\"async\" width=\"1200\" height=\"1600\" data-id=\"228\" src=\"https:\/\/beesteks.com\/wp-content\/uploads\/2022\/10\/WhatsApp-Image-2022-10-20-at-16.49.39-14.jpeg\" alt=\"\" class=\"wp-image-228\"\/><\/figure>\n\n\n\n<figure class=\"wp-block-image size-full\"><img loading=\"lazy\" decoding=\"async\" width=\"1200\" height=\"1600\" data-id=\"225\" src=\"https:\/\/beesteks.com\/wp-content\/uploads\/2022\/10\/WhatsApp-Image-2022-10-20-at-16.49.39-10.jpeg\" alt=\"\" class=\"wp-image-225\"\/><\/figure>\n\n\n\n<figure class=\"wp-block-image size-full\"><img loading=\"lazy\" decoding=\"async\" width=\"1200\" height=\"1600\" data-id=\"223\" src=\"https:\/\/beesteks.com\/wp-content\/uploads\/2022\/10\/WhatsApp-Image-2022-10-20-at-16.49.39-7.jpeg\" alt=\"\" class=\"wp-image-223\"\/><\/figure>\n\n\n\n<figure class=\"wp-block-image size-full\"><img loading=\"lazy\" decoding=\"async\" width=\"1200\" height=\"1600\" data-id=\"219\" src=\"https:\/\/beesteks.com\/wp-content\/uploads\/2022\/10\/WhatsApp-Image-2022-10-20-at-16.49.39-30.jpeg\" alt=\"\" class=\"wp-image-219\"\/><\/figure>\n<\/figure>\n<\/div>\n\n\n\n<div class=\"wp-block-cover alignfull has-parallax has-custom-content-position is-position-top-center is-position-center-center\" style=\"min-height:460px;aspect-ratio:unset;\"><span aria-hidden=\"true\" class=\"wp-block-cover__background has-black-background-color has-background-dim-40 has-background-dim\"><\/span><div class=\"wp-block-cover__image-background wp-image-412 has-parallax\" style=\"background-position:50% 50%;background-image:url(https:\/\/beesteks.com\/wp-content\/uploads\/2022\/10\/pexels-mica-asato-1082529-1.jpg);\"><\/div><div class=\"wp-block-cover__inner-container is-layout-flow wp-block-cover-is-layout-flow\">\n<p class=\"has-text-align-center has-text-color has-huge-font-size\" style=\"color:#fffffa;line-height:1.1\"><strong>Bir Tekstilden daha fazlas\u0131&#8230;<\/strong><\/p>\n\n\n\n<p class=\"has-text-align-center\"><\/p>\n\n\n\n<figure class=\"wp-block-image size-full is-resized\"><img loading=\"lazy\" decoding=\"async\" src=\"https:\/\/beesteks.com\/wp-content\/uploads\/2022\/11\/logo.png\" alt=\"\" class=\"wp-image-464\" width=\"560\" height=\"348\"\/><\/figure>\n\n\n\n<div style=\"height:39px\" aria-hidden=\"true\" class=\"wp-block-spacer\"><\/div>\n<\/div><\/div>\n","protected":false},"excerpt":{"rendered":"<p>Hakk\u0131m\u0131zda BeesTeks haz\u0131r giyim ve konfeksiyon \u015firketi, 2017 y\u0131l\u0131nda sekt\u00f6r\u00fcnde deneyimli bir ekiple Kadir Sar\u0131kaya \u00f6nc\u00fcl\u00fc\u011f\u00fcnde \u0130zmir&#8217;de kuruldu. Hizmetlerimiz 15.000 m2 \u00fcretim alan\u0131nda 450 \u00e7al\u0131\u015fan\u0131m\u0131zla y\u0131ll\u0131k 250.000 adet \u00fcr\u00fcn \u00fcretimi yap\u0131lmaktad\u0131r. Gallery<\/p>\n","protected":false},"author":1,"featured_media":412,"parent":0,"menu_order":0,"comment_status":"closed","ping_status":"closed","template":"","meta":{"om_disable_all_campaigns":false,"_mi_skip_tracking":false,"_monsterinsights_sitenote_active":false,"_monsterinsights_sitenote_note":"","_monsterinsights_sitenote_category":0,"inspiro_hide_title":false,"footnotes":""},"class_list":["post-7","page","type-page","status-publish","has-post-thumbnail","hentry"],"featured_media_urls":{"thumbnail":["https:\/\/beesteks.com\/wp-content\/uploads\/2022\/10\/pexels-mica-asato-1082529-1.jpg",150,100,false],"medium":["https:\/\/beesteks.com\/wp-content\/uploads\/2022\/10\/pexels-mica-asato-1082529-1.jpg",300,200,false],"medium_large":["https:\/\/beesteks.com\/wp-content\/uploads\/2022\/10\/pexels-mica-asato-1082529-1.jpg",768,512,false],"large":["https:\/\/beesteks.com\/wp-content\/uploads\/2022\/10\/pexels-mica-asato-1082529-1.jpg",950,633,false],"1536x1536":["https:\/\/beesteks.com\/wp-content\/uploads\/2022\/10\/pexels-mica-asato-1082529-1-1536x1024.jpg",1536,1024,true],"2048x2048":["https:\/\/beesteks.com\/wp-content\/uploads\/2022\/10\/pexels-mica-asato-1082529-1-2048x1365.jpg",2048,1365,true],"inspiro-featured-image":["https:\/\/beesteks.com\/wp-content\/uploads\/2022\/10\/pexels-mica-asato-1082529-1-2000x1333.jpg",2000,1333,true],"inspiro-loop":["https:\/\/beesteks.com\/wp-content\/uploads\/2022\/10\/pexels-mica-asato-1082529-1-950x320.jpg",950,320,true],"inspiro-loop@2x":["https:\/\/beesteks.com\/wp-content\/uploads\/2022\/10\/pexels-mica-asato-1082529-1-1900x640.jpg",1900,640,true],"portfolio_item-thumbnail":["https:\/\/beesteks.com\/wp-content\/uploads\/2022\/10\/pexels-mica-asato-1082529-1-600x400.jpg",600,400,true],"portfolio_item-thumbnail@2x":["https:\/\/beesteks.com\/wp-content\/uploads\/2022\/10\/pexels-mica-asato-1082529-1-1200x800.jpg",1200,800,true],"portfolio_item-masonry":["https:\/\/beesteks.com\/wp-content\/uploads\/2022\/10\/pexels-mica-asato-1082529-1-600x400.jpg",600,400,true],"portfolio_item-masonry@2x":["https:\/\/beesteks.com\/wp-content\/uploads\/2022\/10\/pexels-mica-asato-1082529-1-1200x800.jpg",1200,800,true],"portfolio_item-thumbnail_cinema":["https:\/\/beesteks.com\/wp-content\/uploads\/2022\/10\/pexels-mica-asato-1082529-1-800x335.jpg",800,335,true],"portfolio_item-thumbnail_portrait":["https:\/\/beesteks.com\/wp-content\/uploads\/2022\/10\/pexels-mica-asato-1082529-1-600x900.jpg",600,900,true],"portfolio_item-thumbnail_portrait@2x":["https:\/\/beesteks.com\/wp-content\/uploads\/2022\/10\/pexels-mica-asato-1082529-1-1200x1800.jpg",1200,1800,true],"portfolio_item-thumbnail_square":["https:\/\/beesteks.com\/wp-content\/uploads\/2022\/10\/pexels-mica-asato-1082529-1-800x800.jpg",800,800,true]},"_links":{"self":[{"href":"https:\/\/beesteks.com\/index.php?rest_route=\/wp\/v2\/pages\/7","targetHints":{"allow":["GET"]}}],"collection":[{"href":"https:\/\/beesteks.com\/index.php?rest_route=\/wp\/v2\/pages"}],"about":[{"href":"https:\/\/beesteks.com\/index.php?rest_route=\/wp\/v2\/types\/page"}],"author":[{"embeddable":true,"href":"https:\/\/beesteks.com\/index.php?rest_route=\/wp\/v2\/users\/1"}],"replies":[{"embeddable":true,"href":"https:\/\/beesteks.com\/index.php?rest_route=%2Fwp%2Fv2%2Fcomments&post=7"}],"version-history":[{"count":43,"href":"https:\/\/beesteks.com\/index.php?rest_route=\/wp\/v2\/pages\/7\/revisions"}],"predecessor-version":[{"id":528,"href":"https:\/\/beesteks.com\/index.php?rest_route=\/wp\/v2\/pages\/7\/revisions\/528"}],"wp:featuredmedia":[{"embeddable":true,"href":"https:\/\/beesteks.com\/index.php?rest_route=\/wp\/v2\/media\/412"}],"wp:attachment":[{"href":"https:\/\/beesteks.com\/index.php?rest_route=%2Fwp%2Fv2%2Fmedia&parent=7"}],"curies":[{"name":"wp","href":"https:\/\/api.w.org\/{rel}","templated":true}]}}