{"id":8,"date":"2022-10-21T17:58:55","date_gmt":"2022-10-21T14:58:55","guid":{"rendered":"https:\/\/beesteks.com\/?page_id=8"},"modified":"2022-11-04T19:08:51","modified_gmt":"2022-11-04T16:08:51","slug":"about","status":"publish","type":"page","link":"https:\/\/beesteks.com\/?page_id=8","title":{"rendered":"Hakk\u0131nda"},"content":{"rendered":"\n<div class=\"wp-block-columns alignwide are-vertically-aligned-center has-white-background-color has-background is-layout-flex wp-container-core-columns-is-layout-28f84493 wp-block-columns-is-layout-flex\">\n<div class=\"wp-block-column is-vertically-aligned-center is-layout-flow wp-block-column-is-layout-flow\" style=\"flex-basis:100%\">\n<p class=\"has-text-align-left\">Bees Tekstil haz\u0131r giyim ve konfeksiyon \u015firketi, 2017 y\u0131l\u0131nda sekt\u00f6r\u00fcnde deneyimli bir ekiple Kadir Sar\u0131kaya \u00f6nc\u00fcl\u00fc\u011f\u00fcnde \u0130zmir&#8217;de kuruldu. Kuruldu\u011fu g\u00fcnden itibaren \u00fcretim kalitesini artt\u0131rmay\u0131 hedefleyen Bees tekstil, bug\u00fcn b\u00fcnyesinde \u00e7al\u0131\u015ft\u0131rd\u0131\u011f\u0131 450 personeliyle y\u0131ll\u0131k 250.000 adet \u00fcretim kapasitesine ula\u015fm\u0131\u015ft\u0131r. Toplam 15.000 m2 \u00fcretim alan\u0131na sahiptir.<\/p>\n<\/div>\n<\/div>\n\n\n\n<h2 class=\"wp-block-heading\">Vizyonumuz<\/h2>\n\n\n\n<p>Trendleri her zaman yak\u0131ndan takip ederek, ortaya \u00e7\u0131kard\u0131\u011f\u0131m\u0131z modelleri i\u015fini \u00e7ok seven tecr\u00fcbeli bir ekiple ger\u00e7e\u011fe d\u00f6n\u00fc\u015ft\u00fcrmek ve firmam\u0131z\u0131 ilkelerimizden, kalite anlay\u0131\u015f\u0131m\u0131zdan ve hedeflerimizden taviz vermeden kendi markam\u0131z\u0131 d\u00fcnya \u00e7ap\u0131nda tan\u0131tacak seviyeye getirmektir.<\/p>\n\n\n\n<h2 class=\"wp-block-heading\">Misyonumuz<\/h2>\n\n\n\n<p>Farkl\u0131 m\u00fc\u015fteri ihtiya\u00e7lar\u0131na uygun kalitede \u00fcr\u00fcnleri, d\u00fcr\u00fcstl\u00fck ilkesini temel alarak geli\u015ftirmek ve sekt\u00f6rdeki geli\u015fmeleri yak\u0131ndan takip eden, farkl\u0131 deneyimlere a\u00e7\u0131k, i\u015f ahlak\u0131ndan ve yenilik\u00e7i \u00fcretim anlay\u0131\u015f\u0131ndan vazge\u00e7meyen bir firma olarak k\u00fcresel \u00f6l\u00e7ekte rekabet edebilen bir marka haline gelmektir.<\/p>\n","protected":false},"excerpt":{"rendered":"<p>Bees Tekstil haz\u0131r giyim ve konfeksiyon \u015firketi, 2017 y\u0131l\u0131nda sekt\u00f6r\u00fcnde deneyimli bir ekiple Kadir Sar\u0131kaya \u00f6nc\u00fcl\u00fc\u011f\u00fcnde \u0130zmir&#8217;de kuruldu. Kuruldu\u011fu g\u00fcnden itibaren \u00fcretim kalitesini artt\u0131rmay\u0131 hedefleyen Bees tekstil, bug\u00fcn b\u00fcnyesinde \u00e7al\u0131\u015ft\u0131rd\u0131\u011f\u0131 450 personeliyle y\u0131ll\u0131k 250.000 adet \u00fcretim kapasitesine ula\u015fm\u0131\u015ft\u0131r. Toplam 15.000 m2 \u00fcretim alan\u0131na sahiptir. Vizyonumuz Trendleri her zaman yak\u0131ndan takip ederek, ortaya \u00e7\u0131kard\u0131\u011f\u0131m\u0131z modelleri i\u015fini &hellip; <\/p>\n<p class=\"link-more\"><a href=\"https:\/\/beesteks.com\/?page_id=8\" class=\"more-link\"><span class=\"screen-reader-text\"> &#8220;Hakk\u0131nda&#8221;<\/span>devam\u0131n\u0131 oku<\/a><\/p>\n","protected":false},"author":1,"featured_media":38,"parent":0,"menu_order":0,"comment_status":"closed","ping_status":"closed","template":"","meta":{"om_disable_all_campaigns":false,"_mi_skip_tracking":false,"_monsterinsights_sitenote_active":false,"_monsterinsights_sitenote_note":"","_monsterinsights_sitenote_category":0,"inspiro_hide_title":false,"footnotes":""},"class_list":["post-8","page","type-page","status-publish","has-post-thumbnail","hentry"],"featured_media_urls":{"thumbnail":["https:\/\/beesteks.com\/wp-content\/uploads\/2022\/10\/pexels-pixabay-236748.jpg",150,90,false],"medium":["https:\/\/beesteks.com\/wp-content\/uploads\/2022\/10\/pexels-pixabay-236748.jpg",300,180,false],"medium_large":["https:\/\/beesteks.com\/wp-content\/uploads\/2022\/10\/pexels-pixabay-236748.jpg",768,462,false],"large":["https:\/\/beesteks.com\/wp-content\/uploads\/2022\/10\/pexels-pixabay-236748.jpg",950,571,false],"1536x1536":["https:\/\/beesteks.com\/wp-content\/uploads\/2022\/10\/pexels-pixabay-236748-1536x923.jpg",1536,923,true],"2048x2048":["https:\/\/beesteks.com\/wp-content\/uploads\/2022\/10\/pexels-pixabay-236748.jpg",2000,1202,false],"inspiro-featured-image":["https:\/\/beesteks.com\/wp-content\/uploads\/2022\/10\/pexels-pixabay-236748.jpg",2000,1202,false],"inspiro-loop":["https:\/\/beesteks.com\/wp-content\/uploads\/2022\/10\/pexels-pixabay-236748-950x320.jpg",950,320,true],"inspiro-loop@2x":["https:\/\/beesteks.com\/wp-content\/uploads\/2022\/10\/pexels-pixabay-236748-1900x640.jpg",1900,640,true],"portfolio_item-thumbnail":["https:\/\/beesteks.com\/wp-content\/uploads\/2022\/10\/pexels-pixabay-236748-600x400.jpg",600,400,true],"portfolio_item-thumbnail@2x":["https:\/\/beesteks.com\/wp-content\/uploads\/2022\/10\/pexels-pixabay-236748-1200x800.jpg",1200,800,true],"portfolio_item-masonry":["https:\/\/beesteks.com\/wp-content\/uploads\/2022\/10\/pexels-pixabay-236748-600x361.jpg",600,361,true],"portfolio_item-masonry@2x":["https:\/\/beesteks.com\/wp-content\/uploads\/2022\/10\/pexels-pixabay-236748-1200x721.jpg",1200,721,true],"portfolio_item-thumbnail_cinema":["https:\/\/beesteks.com\/wp-content\/uploads\/2022\/10\/pexels-pixabay-236748-800x335.jpg",800,335,true],"portfolio_item-thumbnail_portrait":["https:\/\/beesteks.com\/wp-content\/uploads\/2022\/10\/pexels-pixabay-236748-600x900.jpg",600,900,true],"portfolio_item-thumbnail_portrait@2x":["https:\/\/beesteks.com\/wp-content\/uploads\/2022\/10\/pexels-pixabay-236748-1200x1202.jpg",1200,1202,true],"portfolio_item-thumbnail_square":["https:\/\/beesteks.com\/wp-content\/uploads\/2022\/10\/pexels-pixabay-236748-800x800.jpg",800,800,true]},"_links":{"self":[{"href":"https:\/\/beesteks.com\/index.php?rest_route=\/wp\/v2\/pages\/8","targetHints":{"allow":["GET"]}}],"collection":[{"href":"https:\/\/beesteks.com\/index.php?rest_route=\/wp\/v2\/pages"}],"about":[{"href":"https:\/\/beesteks.com\/index.php?rest_route=\/wp\/v2\/types\/page"}],"author":[{"embeddable":true,"href":"https:\/\/beesteks.com\/index.php?rest_route=\/wp\/v2\/users\/1"}],"replies":[{"embeddable":true,"href":"https:\/\/beesteks.com\/index.php?rest_route=%2Fwp%2Fv2%2Fcomments&post=8"}],"version-history":[{"count":17,"href":"https:\/\/beesteks.com\/index.php?rest_route=\/wp\/v2\/pages\/8\/revisions"}],"predecessor-version":[{"id":443,"href":"https:\/\/beesteks.com\/index.php?rest_route=\/wp\/v2\/pages\/8\/revisions\/443"}],"wp:featuredmedia":[{"embeddable":true,"href":"https:\/\/beesteks.com\/index.php?rest_route=\/wp\/v2\/media\/38"}],"wp:attachment":[{"href":"https:\/\/beesteks.com\/index.php?rest_route=%2Fwp%2Fv2%2Fmedia&parent=8"}],"curies":[{"name":"wp","href":"https:\/\/api.w.org\/{rel}","templated":true}]}}